{"id":120,"date":"2025-09-23T20:16:29","date_gmt":"2025-09-23T20:16:29","guid":{"rendered":"https:\/\/spenfse.pt\/?page_id=120"},"modified":"2025-09-24T16:44:22","modified_gmt":"2025-09-24T16:44:22","slug":"pagina-inicial","status":"publish","type":"page","link":"https:\/\/spenfse.pt\/","title":{"rendered":"P\u00e1gina Inicial"},"content":{"rendered":"\n<div class=\"wp-block-group is-layout-constrained wp-block-group-is-layout-constrained\">\n<figure class=\"wp-block-image size-full is-resized has-custom-border\" style=\"margin-top:var(--wp--preset--spacing--30)\"><img loading=\"lazy\" decoding=\"async\" width=\"628\" height=\"628\" src=\"https:\/\/spenfse.pt\/wp-content\/uploads\/2025\/09\/leonel1.jpg\" alt=\"\" class=\"wp-image-152\" style=\"border-style:none;border-width:0px;width:300px\" srcset=\"https:\/\/spenfse.pt\/wp-content\/uploads\/2025\/09\/leonel1.jpg 628w, https:\/\/spenfse.pt\/wp-content\/uploads\/2025\/09\/leonel1-300x300.jpg 300w, https:\/\/spenfse.pt\/wp-content\/uploads\/2025\/09\/leonel1-150x150.jpg 150w\" sizes=\"auto, (max-width: 628px) 100vw, 628px\" \/><\/figure>\n\n\n\n<p class=\"has-medium-font-size\">Bem-vindos ao site da SPEnfSE, onde disponibilizaremos informa\u00e7\u00e3o sobre tudo o que est\u00e1 relacionado com Enfermagem de Sa\u00fade Escolar.<\/p>\n\n\n\n<p class=\"has-small-font-size\"><br>Leonel Lusquinhos &#8211; Presidente da SPEnfSE<\/p>\n<\/div>\n\n\n\n<p><\/p>\n","protected":false},"excerpt":{"rendered":"<p>Bem-vindos ao site da SPEnfSE, onde disponibilizaremos informa\u00e7\u00e3o sobre tudo o que est\u00e1 relacionado com Enfermagem de Sa\u00fade Escolar. Leonel [&hellip;]<\/p>\n","protected":false},"author":1,"featured_media":0,"parent":0,"menu_order":0,"comment_status":"closed","ping_status":"closed","template":"","meta":{"site-sidebar-layout":"default","site-content-layout":"","ast-site-content-layout":"normal-width-container","site-content-style":"default","site-sidebar-style":"default","ast-global-header-display":"","ast-banner-title-visibility":"","ast-main-header-display":"","ast-hfb-above-header-display":"","ast-hfb-below-header-display":"","ast-hfb-mobile-header-display":"","site-post-title":"","ast-breadcrumbs-content":"","ast-featured-img":"","footer-sml-layout":"","ast-disable-related-posts":"","theme-transparent-header-meta":"","adv-header-id-meta":"","stick-header-meta":"","header-above-stick-meta":"","header-main-stick-meta":"","header-below-stick-meta":"","astra-migrate-meta-layouts":"default","ast-page-background-enabled":"default","ast-page-background-meta":{"desktop":{"background-color":"var(--ast-global-color-5)","background-image":"","background-repeat":"repeat","background-position":"center center","background-size":"auto","background-attachment":"scroll","background-type":"","background-media":"","overlay-type":"","overlay-color":"","overlay-opacity":"","overlay-gradient":""},"tablet":{"background-color":"","background-image":"","background-repeat":"repeat","background-position":"center center","background-size":"auto","background-attachment":"scroll","background-type":"","background-media":"","overlay-type":"","overlay-color":"","overlay-opacity":"","overlay-gradient":""},"mobile":{"background-color":"","background-image":"","background-repeat":"repeat","background-position":"center center","background-size":"auto","background-attachment":"scroll","background-type":"","background-media":"","overlay-type":"","overlay-color":"","overlay-opacity":"","overlay-gradient":""}},"ast-content-background-meta":{"desktop":{"background-color":"var(--ast-global-color-4)","background-image":"","background-repeat":"repeat","background-position":"center center","background-size":"auto","background-attachment":"scroll","background-type":"","background-media":"","overlay-type":"","overlay-color":"","overlay-opacity":"","overlay-gradient":""},"tablet":{"background-color":"var(--ast-global-color-4)","background-image":"","background-repeat":"repeat","background-position":"center center","background-size":"auto","background-attachment":"scroll","background-type":"","background-media":"","overlay-type":"","overlay-color":"","overlay-opacity":"","overlay-gradient":""},"mobile":{"background-color":"var(--ast-global-color-4)","background-image":"","background-repeat":"repeat","background-position":"center center","background-size":"auto","background-attachment":"scroll","background-type":"","background-media":"","overlay-type":"","overlay-color":"","overlay-opacity":"","overlay-gradient":""}},"footnotes":""},"class_list":["post-120","page","type-page","status-publish","hentry"],"_links":{"self":[{"href":"https:\/\/spenfse.pt\/index.php?rest_route=\/wp\/v2\/pages\/120","targetHints":{"allow":["GET"]}}],"collection":[{"href":"https:\/\/spenfse.pt\/index.php?rest_route=\/wp\/v2\/pages"}],"about":[{"href":"https:\/\/spenfse.pt\/index.php?rest_route=\/wp\/v2\/types\/page"}],"author":[{"embeddable":true,"href":"https:\/\/spenfse.pt\/index.php?rest_route=\/wp\/v2\/users\/1"}],"replies":[{"embeddable":true,"href":"https:\/\/spenfse.pt\/index.php?rest_route=%2Fwp%2Fv2%2Fcomments&post=120"}],"version-history":[{"count":5,"href":"https:\/\/spenfse.pt\/index.php?rest_route=\/wp\/v2\/pages\/120\/revisions"}],"predecessor-version":[{"id":155,"href":"https:\/\/spenfse.pt\/index.php?rest_route=\/wp\/v2\/pages\/120\/revisions\/155"}],"wp:attachment":[{"href":"https:\/\/spenfse.pt\/index.php?rest_route=%2Fwp%2Fv2%2Fmedia&parent=120"}],"curies":[{"name":"wp","href":"https:\/\/api.w.org\/{rel}","templated":true}]}}